{"id":111,"date":"2020-08-20T17:38:01","date_gmt":"2020-08-20T17:38:01","guid":{"rendered":"http:\/\/www.tahdotko.fi\/?page_id=111"},"modified":"2021-10-28T17:30:46","modified_gmt":"2021-10-28T14:30:46","slug":"perustietoa","status":"publish","type":"page","link":"https:\/\/tahdotko.fi\/?page_id=111","title":{"rendered":"Perustietoa"},"content":{"rendered":"<h2>Mist\u00e4 siviilivihkij\u00e4?<\/h2>\n<p style=\"text-align: justify;\">Jos haluaa menn\u00e4 naimisiin virka-aikana, on yleens\u00e4 otettava yhteys Digi- ja v\u00e4est\u00f6tietovirastoon (DVV) tai paikalliseen k\u00e4r\u00e4j\u00e4oikeuteen. Molemmissa paikoissa vihit\u00e4\u00e4n normaaleina arkisina aukioloaikoina paikan p\u00e4\u00e4ll\u00e4. T\u00e4llainen vihkiminen on maksuton. &#8221;Lounastuntivihkimisess\u00e4&#8221; on jotakin aika klassista, ja siin\u00e4 voi olla vaikka kuinka paljon romantiikkaakin!<\/p>\n<p style=\"text-align: justify;\">Jos vihkij\u00e4n haluaa juhlapaikalle, voi tekij\u00e4n saada DVV:st\u00e4, k\u00e4r\u00e4j\u00e4oikeudesta tai tiedustelemalla sellaiselta henkil\u00f6lt\u00e4, jolle on my\u00f6nnetty vihkimisoikeudet. T\u00e4llaisen virka-ajan ulkopuolisen vihkimisen vastaanottaminen on vihkij\u00e4lle aina vapaaehtoista. Virka-ajan ulkopuolisesta vihkimisest\u00e4 perit\u00e4\u00e4n valtiolle maksu, jonka suuruudesta m\u00e4\u00e4r\u00e4t\u00e4\u00e4n asetuksella: nykyisin summa on 250 euroa + vihkij\u00e4n kilometrikorvaukset tai muut matkakulut. Lasku l\u00e4hetet\u00e4\u00e4n tyypillisesti postitse avioliiton solmimisen j\u00e4lkeen.<\/p>\n<h2>Mit\u00e4 pakollista pit\u00e4\u00e4 muistaa ennen vihkimist\u00e4?<\/h2>\n<p style=\"text-align: justify;\">Yksi t\u00e4rkeimmist\u00e4 asioista on muistaa tutkituttaa avioliiton esteet. Todistus esteiden tutkinnasta on luovutettava vihkij\u00e4lle ennen vihkiseremoniaa.<\/p>\n<p style=\"text-align: justify;\">Esteett\u00f6myystodistus on voimassa 4 kk siit\u00e4 p\u00e4iv\u00e4m\u00e4\u00e4r\u00e4st\u00e4, kun esteiden tutkinta on tehty. Esteiden tutkinta kest\u00e4\u00e4 lain mukaan v\u00e4hint\u00e4\u00e4n 7 p\u00e4iv\u00e4\u00e4. Jos toinen tai molemmat puolisot ovat ulkomaan kansalaisia, voi esteiden tutkinnan valmistumisessa menn\u00e4 huomattavasti enemm\u00e4n aikaa.<\/p>\n<p style=\"text-align: justify;\">Lis\u00e4tietoja esteiden tutkinnasta <a href=\"https:\/\/dvv.fi\/avioliiton-esteiden-tutkinta\">t\u00e4\u00e4lt\u00e4<\/a>.<\/p>\n<p style=\"text-align: justify;\">Ennen avioliittoon vihkimist\u00e4 vihkij\u00e4 tarkastaa vihkiparin henkil\u00f6llisyydet voimassa olevista henkil\u00f6llisyystodistuksista tai Suomen kansalaisen osalta my\u00f6s 1.10.1990 j\u00e4lkeen my\u00f6nnetyst\u00e4 suomalaisesta ajokortista.<\/p>\n<p style=\"text-align: justify;\">Vihkimisess\u00e4 on oltava paikalla kaksi yli 15-vuotiasta todistajaa.<\/p>\n<h2>Mit\u00e4 vihkimisess\u00e4 tapahtuu?<\/h2>\n<p style=\"text-align: justify;\">Siviilivihkimisen minimisis\u00e4lt\u00f6 on avioliittoasetuksesta tuleva lyhyt vihkikaava, johon sis\u00e4ltyv\u00e4t vihkij\u00e4n kysymykset (Tahdotko&#8230;) ja vihkiparin vastaukset (Tahdon!). Toisin kuin usein luullaan, puolisot eiv\u00e4t suomalaisessa siviilivihkimisess\u00e4 allekirjoita mit\u00e4\u00e4n papereita tai todistuksia, vaan seremoniassa lausutut sanat riitt\u00e4v\u00e4t avioliiton solmimiseen.<\/p>\n","protected":false},"excerpt":{"rendered":"<p>Mist\u00e4 siviilivihkij\u00e4? Jos haluaa menn\u00e4 naimisiin virka-aikana, on yleens\u00e4 otettava yhteys Digi- ja v\u00e4est\u00f6tietovirastoon (DVV) tai paikalliseen k\u00e4r\u00e4j\u00e4oikeuteen. Molemmissa paikoissa vihit\u00e4\u00e4n normaaleina arkisina aukioloaikoina paikan p\u00e4\u00e4ll\u00e4. T\u00e4llainen vihkiminen on maksuton. &#8221;Lounastuntivihkimisess\u00e4&#8221; on jotakin aika klassista, ja siin\u00e4 voi olla vaikka kuinka paljon romantiikkaakin! Jos vihkij\u00e4n haluaa juhlapaikalle, voi tekij\u00e4n saada DVV:st\u00e4, k\u00e4r\u00e4j\u00e4oikeudesta tai tiedustelemalla sellaiselta [&hellip;]<\/p>\n","protected":false},"author":1,"featured_media":0,"parent":0,"menu_order":0,"comment_status":"closed","ping_status":"closed","template":"","meta":{"footnotes":""},"_links":{"self":[{"href":"https:\/\/tahdotko.fi\/index.php?rest_route=\/wp\/v2\/pages\/111"}],"collection":[{"href":"https:\/\/tahdotko.fi\/index.php?rest_route=\/wp\/v2\/pages"}],"about":[{"href":"https:\/\/tahdotko.fi\/index.php?rest_route=\/wp\/v2\/types\/page"}],"author":[{"embeddable":true,"href":"https:\/\/tahdotko.fi\/index.php?rest_route=\/wp\/v2\/users\/1"}],"replies":[{"embeddable":true,"href":"https:\/\/tahdotko.fi\/index.php?rest_route=%2Fwp%2Fv2%2Fcomments&post=111"}],"version-history":[{"count":38,"href":"https:\/\/tahdotko.fi\/index.php?rest_route=\/wp\/v2\/pages\/111\/revisions"}],"predecessor-version":[{"id":410,"href":"https:\/\/tahdotko.fi\/index.php?rest_route=\/wp\/v2\/pages\/111\/revisions\/410"}],"wp:attachment":[{"href":"https:\/\/tahdotko.fi\/index.php?rest_route=%2Fwp%2Fv2%2Fmedia&parent=111"}],"curies":[{"name":"wp","href":"https:\/\/api.w.org\/{rel}","templated":true}]}}