{"id":262,"date":"2021-10-04T21:26:47","date_gmt":"2021-10-04T18:26:47","guid":{"rendered":"https:\/\/tahdotko.fi\/?page_id=262"},"modified":"2024-02-24T22:27:49","modified_gmt":"2024-02-24T19:27:49","slug":"paikkoja-joissa-sanoa-tahdon","status":"publish","type":"page","link":"https:\/\/tahdotko.fi\/?page_id=262","title":{"rendered":"Paikkoja, joissa sanoa tahdon"},"content":{"rendered":"<p style=\"text-align: justify;\">Olen vuosien varrella saanut vihki\u00e4 (ainakin) alla mainituissa juhlatiloissa, ravintoloissa, hotelleissa ja ulkosijainneissa. Listalla on kaikenlaisia paikkoja, pieni\u00e4 ja suuria, perinteisi\u00e4 ja moderneja. Joissakin olen k\u00e4ynyt kerran, joissakin monen monta kertaa. Juhlatilaan tai -taloon saapumiseen ei kuitenkaan koskaan kyll\u00e4sty &#8211; se tuntuu aina yht\u00e4 hienolta!<\/p>\n<p style=\"text-align: justify;\">Koti\/kotipihavihkimisi\u00e4 ei t\u00e4ss\u00e4 listassa ole, enk\u00e4 vanno luettelon muutenkaan olevan tyhjent\u00e4v\u00e4. Jos sijaintikunta on muu kuin Tampere, se on ilmoitettu sulkeissa.<\/p>\n\n<figure><img loading=\"lazy\" decoding=\"async\" src=\"https:\/\/tahdotko.fi\/wp-content\/uploads\/2021\/10\/Suvi-ja-Miika-0746-pieni-e1635173439514.jpg\" sizes=\"(max-width: 1024px) 100vw, 1024px\" srcset=\"https:\/\/tahdotko.fi\/wp-content\/uploads\/2021\/10\/Suvi-ja-Miika-0746-pieni-e1635173439514.jpg 1024w, https:\/\/tahdotko.fi\/wp-content\/uploads\/2021\/10\/Suvi-ja-Miika-0746-pieni-e1635173439514-300x183.jpg 300w, https:\/\/tahdotko.fi\/wp-content\/uploads\/2021\/10\/Suvi-ja-Miika-0746-pieni-e1635173439514-768x468.jpg 768w\" alt=\"\" width=\"1024\" height=\"624\" \/>\n<figcaption><em>(Kuva: Sami Reivinen)<\/em><\/figcaption><\/figure>\n<p style=\"text-align: center;\"><!-- \/wp:paragraph --><!-- wp:paragraph {\"align\":\"left\"} --><\/p>\n<p style=\"text-align: center;\">Ahlmanin kartano<\/p>\n<p style=\"text-align: center;\">Aitolahden ty\u00f6v\u00e4entalo<\/p>\n<p style=\"text-align: center;\"><!-- \/wp:paragraph --><!-- wp:paragraph {\"align\":\"left\"} --><\/p>\n<p style=\"text-align: center;\">Ali-Marttilan tila (Kangasala)<\/p>\n<p style=\"text-align: center;\"><!-- \/wp:paragraph --><!-- wp:paragraph {\"align\":\"left\"} --><\/p>\n<p style=\"text-align: center;\">Antaverkan kurssikeskus (Yl\u00f6j\u00e4rvi)<\/p>\n<p style=\"text-align: center;\"><!-- \/wp:paragraph --><!-- wp:paragraph {\"align\":\"left\"} --><\/p>\n<p style=\"text-align: center;\">Einon pirtti (Orivesi)<\/p>\n<p style=\"text-align: center;\"><!-- \/wp:paragraph --><!-- wp:paragraph {\"align\":\"left\"} --><\/p>\n<p style=\"text-align: center;\">Epil\u00e4n kylpyl\u00e4n rauniot<\/p>\n<p style=\"text-align: center;\"><!-- \/wp:paragraph --><!-- wp:paragraph {\"align\":\"left\"} --><\/p>\n<p style=\"text-align: center;\">Finlaysonin Palatsi<\/p>\n<p style=\"text-align: center;\"><!-- \/wp:paragraph --><!-- wp:paragraph {\"align\":\"left\"} --><\/p>\n<p style=\"text-align: center;\">Haiharan kartano<\/p>\n<p style=\"text-align: center;\"><!-- \/wp:paragraph --><!-- wp:paragraph {\"align\":\"left\"} --><\/p>\n<p style=\"text-align: center;\">Hatanp\u00e4\u00e4n arboretum<\/p>\n<p style=\"text-align: center;\"><!-- \/wp:paragraph --><!-- wp:paragraph {\"align\":\"left\"} --><\/p>\n<p style=\"text-align: center;\">Hatanp\u00e4\u00e4n kartano<\/p>\n<p style=\"text-align: center;\"><!-- \/wp:paragraph --><!-- wp:paragraph {\"align\":\"left\"} --><\/p>\n<p style=\"text-align: center;\">Haulitehdas<\/p>\n<p style=\"text-align: center;\"><!-- \/wp:paragraph --><!-- wp:paragraph {\"align\":\"left\"} --><\/p>\n<p style=\"text-align: center;\">Heiska-sali (H\u00e4meenkyr\u00f6)<\/p>\n<p style=\"text-align: center;\"><!-- \/wp:paragraph --><!-- wp:paragraph {\"align\":\"left\"} --><\/p>\n<p style=\"text-align: center;\">Hotelli Rosendahl<\/p>\n<p style=\"text-align: center;\"><!-- \/wp:paragraph --><!-- wp:paragraph {\"align\":\"left\"} --><\/p>\n<p style=\"text-align: center;\">Hotelli Tammer<\/p>\n<p style=\"text-align: center;\"><!-- \/wp:paragraph --><!-- wp:paragraph {\"align\":\"left\"} --><\/p>\n<p style=\"text-align: center;\">Hotelli Torni<\/p>\n<p style=\"text-align: center;\"><!-- \/wp:paragraph --><!-- wp:paragraph {\"align\":\"left\"} --><\/p>\n<p style=\"text-align: center;\">Juhlaravintola &amp; Country Bistro Maisa<\/p>\n<p style=\"text-align: center;\">Juhlatalo Hovi<\/p>\n<p style=\"text-align: center;\"><!-- \/wp:paragraph --><!-- wp:paragraph {\"align\":\"left\"} --><\/p>\n<p style=\"text-align: center;\">Juhlatalo Kuhmalahden Suoja (Kangasala)<\/p>\n<p style=\"text-align: center;\"><!-- \/wp:paragraph --><!-- wp:paragraph {\"align\":\"left\"} --><\/p>\n<p style=\"text-align: center;\">Juhlatalo Toukola (H\u00e4meenkyr\u00f6)<\/p>\n<p style=\"text-align: center;\"><!-- \/wp:paragraph --><!-- wp:paragraph {\"align\":\"left\"} --><\/p>\n<p style=\"text-align: center;\">Kahvila Siiri (Lemp\u00e4\u00e4l\u00e4)<\/p>\n<p style=\"text-align: center;\"><!-- \/wp:paragraph --><!-- wp:paragraph {\"align\":\"left\"} --><\/p>\n<p style=\"text-align: center;\">Kangasalan Nuorisoseuran Pirtti (Kangasala)<\/p>\n<p style=\"text-align: center;\"><!-- \/wp:paragraph --><!-- wp:paragraph {\"align\":\"left\"} --><\/p>\n<p style=\"text-align: center;\">Karllundin Kivinavetta (Akaa)<\/p>\n<p style=\"text-align: center;\"><!-- \/wp:paragraph --><!-- wp:paragraph {\"align\":\"left\"} --><\/p>\n<p style=\"text-align: center;\">Kerhola (Nokia)<\/p>\n<p style=\"text-align: center;\"><!-- \/wp:paragraph --><!-- wp:paragraph {\"align\":\"left\"} --><\/p>\n<p style=\"text-align: center;\">Kerhomaja Ankkuri (Nokia)<\/p>\n<p style=\"text-align: center;\"><!-- \/wp:paragraph --><!-- wp:paragraph {\"align\":\"left\"} --><\/p>\n<p style=\"text-align: center;\">Kisapirtti (Kangasala)<\/p>\n<p style=\"text-align: center;\"><!-- \/wp:paragraph --><!-- wp:paragraph {\"align\":\"left\"} --><\/p>\n<p style=\"text-align: center;\">Kiviojan Helmi<\/p>\n<p style=\"text-align: center;\"><!-- \/wp:paragraph --><!-- wp:paragraph {\"align\":\"left\"} --><\/p>\n<p style=\"text-align: center;\">Knuutilan kartano (Nokia)<\/p>\n<p style=\"text-align: center;\">Kristillan kartano<\/p>\n<p style=\"text-align: center;\">Kulttuuritalo Telakka<\/p>\n<p style=\"text-align: center;\"><!-- \/wp:paragraph --><!-- wp:paragraph {\"align\":\"left\"} --><\/p>\n<p style=\"text-align: center;\">Lapland Hotel<\/p>\n<p style=\"text-align: center;\"><!-- \/wp:paragraph --><!-- wp:paragraph {\"align\":\"left\"} --><\/p>\n<p style=\"text-align: center;\">Laukon kartano (Vesilahti)<\/p>\n<p style=\"text-align: center;\">Litukan siirtolapuutarhan kerhotalo<\/p>\n<p style=\"text-align: center;\"><!-- \/wp:paragraph --><!-- wp:paragraph {\"align\":\"left\"} --><\/p>\n<p style=\"text-align: center;\">Majaranta<\/p>\n<p style=\"text-align: center;\"><!-- \/wp:paragraph --><!-- wp:paragraph {\"align\":\"left\"} --><\/p>\n<p style=\"text-align: center;\">Manttaalitalo (Lemp\u00e4\u00e4l\u00e4)<\/p>\n<p style=\"text-align: center;\"><!-- \/wp:paragraph --><!-- wp:paragraph {\"align\":\"left\"} --><\/p>\n<p style=\"text-align: center;\">Marttilan Pirtti<\/p>\n<p style=\"text-align: center;\"><!-- \/wp:paragraph --><!-- wp:paragraph {\"align\":\"left\"} --><\/p>\n<p style=\"text-align: center;\">Milavida \/ N\u00e4silinna<\/p>\n<p style=\"text-align: center;\"><!-- \/wp:paragraph --><!-- wp:paragraph {\"align\":\"left\"} --><\/p>\n<p style=\"text-align: center;\">Narvan lava (Vesilahti)<\/p>\n<p style=\"text-align: center;\">Narvan seurantalo (Vesilahti)<\/p>\n<p style=\"text-align: center;\"><!-- \/wp:paragraph --><!-- wp:paragraph {\"align\":\"left\"} --><\/p>\n<p style=\"text-align: center;\">Nokian Urheilijoiden maja (Nokia)<\/p>\n<p style=\"text-align: center;\"><!-- \/wp:paragraph --><!-- wp:paragraph {\"align\":\"left\"} --><\/p>\n<p style=\"text-align: center;\">N\u00e4sij\u00e4rven purjehdusseuran juhlatila<\/p>\n<p style=\"text-align: center;\"><!-- \/wp:paragraph --><!-- wp:paragraph {\"align\":\"left\"} --><\/p>\n<p style=\"text-align: center;\">N\u00e4sinneula<\/p>\n<p style=\"text-align: center;\"><!-- \/wp:paragraph --><!-- wp:paragraph {\"align\":\"left\"} --><\/p>\n<p style=\"text-align: center;\">Osmonpuiston laululava<\/p>\n<p style=\"text-align: center;\"><!-- \/wp:paragraph --><!-- wp:paragraph {\"align\":\"left\"} --><\/p>\n<p style=\"text-align: center;\">Pikkupalatsi<\/p>\n<p style=\"text-align: center;\">Pirkan Pirtti (Pirkkala)<\/p>\n<p style=\"text-align: center;\">Pirkanmaan musiikkiopisto<\/p>\n<p style=\"text-align: center;\"><!-- \/wp:paragraph --><!-- wp:paragraph {\"align\":\"left\"} --><\/p>\n<p style=\"text-align: center;\">Pormestarisauna<\/p>\n<p style=\"text-align: center;\"><!-- \/wp:paragraph --><!-- wp:paragraph {\"align\":\"left\"} --><\/p>\n<p style=\"text-align: center;\">Pyynikin n\u00e4k\u00f6torni<\/p>\n<p style=\"text-align: center;\"><!-- \/wp:paragraph --><!-- wp:paragraph {\"align\":\"left\"} --><\/p>\n<p style=\"text-align: center;\">Pyynikin Panimo<\/p>\n<p style=\"text-align: center;\"><!-- \/wp:paragraph --><!-- wp:paragraph {\"align\":\"left\"} --><\/p>\n<p style=\"text-align: center;\">Pyynikinharjun kalliot<\/p>\n<p style=\"text-align: center;\"><!-- \/wp:paragraph --><!-- wp:paragraph {\"align\":\"left\"} --><\/p>\n<p style=\"text-align: center;\">Rantaniityn juhlatalo (Pirkkala)<\/p>\n<p style=\"text-align: center;\">Ravintola Kuuma<\/p>\n<p style=\"text-align: center;\">Ravintola Laterna<\/p>\n<p style=\"text-align: center;\">Ravintola Lillan<\/p>\n<p style=\"text-align: center;\">Ravintola Myll\u00e4rit<\/p>\n<p style=\"text-align: center;\">Ravintola 4 vuodenaikaa<\/p>\n<p style=\"text-align: center;\">Ravintola N\u00e4sinneula<\/p>\n<p style=\"text-align: center;\">Ravintola Periscope<\/p>\n<p style=\"text-align: center;\">Ravintola Piha<\/p>\n<p style=\"text-align: center;\">Rantoon nuoriseuran talo (Valkeakoski)<\/p>\n<p style=\"text-align: center;\">Ritvalan nuorisoseuran talo (Valkeakoski)<\/p>\n<p style=\"text-align: center;\"><!-- \/wp:paragraph --><!-- wp:paragraph {\"align\":\"left\"} --><\/p>\n<p style=\"text-align: center;\">Seuratalo (Sastamala)<\/p>\n<p style=\"text-align: center;\"><!-- \/wp:paragraph --><!-- wp:paragraph {\"align\":\"left\"} --><\/p>\n<p style=\"text-align: center;\">Soutupaviljonki<\/p>\n<p style=\"text-align: center;\">S\u00e4\u00e4ksj\u00e4rvitalo (Lemp\u00e4\u00e4l\u00e4)<\/p>\n<p style=\"text-align: center;\">Tampellan kelloportti<\/p>\n<p style=\"text-align: center;\"><!-- \/wp:paragraph --><!-- wp:paragraph {\"align\":\"left\"} --><\/p>\n<p style=\"text-align: center;\">Tampereen Komediateatteri<\/p>\n<p style=\"text-align: center;\"><!-- \/wp:paragraph --><!-- wp:paragraph {\"align\":\"left\"} --><\/p>\n<p style=\"text-align: center;\">Tampereen Pursiseuran juhlatila<\/p>\n<p style=\"text-align: center;\"><!-- \/wp:paragraph --><!-- wp:paragraph {\"align\":\"left\"} --><\/p>\n<p style=\"text-align: center;\"><!-- \/wp:paragraph --><!-- wp:paragraph {\"align\":\"left\"} --><\/p>\n<p style=\"text-align: center;\">Tehdas 108 (Nokia)<\/p>\n<p style=\"text-align: center;\"><!-- \/wp:paragraph --><!-- wp:paragraph {\"align\":\"left\"} --><\/p>\n<p style=\"text-align: center;\">Tervahovi (Sastamala)<\/p>\n<p style=\"text-align: center;\"><!-- \/wp:paragraph --><!-- wp:paragraph {\"align\":\"left\"} --><\/p>\n<p style=\"text-align: center;\"><!-- \/wp:paragraph --><!-- wp:paragraph {\"align\":\"left\"} --><\/p>\n<p style=\"text-align: center;\">Vahalahden P\u00e4iv\u00f6l\u00e4 (Nokia)<\/p>\n<p style=\"text-align: center;\"><!-- \/wp:paragraph --><!-- wp:paragraph {\"align\":\"left\"} --><\/p>\n<p style=\"text-align: center;\">Vahannan nuorisoseuran talo (Yl\u00f6j\u00e4rvi)<\/p>\n<p style=\"text-align: center;\"><!-- \/wp:paragraph --><!-- wp:paragraph {\"align\":\"left\"} --><\/p>\n<p style=\"text-align: center;\">Vaihmalan Hovi (Lemp\u00e4\u00e4l\u00e4)<\/p>\n<p style=\"text-align: center;\">Vesilahden nuorisoseuran talo (Vesilahti)<\/p>\n<p style=\"text-align: center;\"><!-- \/wp:paragraph --><!-- wp:paragraph {\"align\":\"left\"} --><\/p>\n<p style=\"text-align: center;\">Viikinsaari<\/p>\n<p style=\"text-align: center;\"><!-- \/wp:paragraph --><!-- wp:paragraph {\"align\":\"left\"} --><\/p>\n<p style=\"text-align: center;\">Villa Hakkari (Lemp\u00e4\u00e4l\u00e4)<\/p>\n<p style=\"text-align: center;\"><!-- \/wp:paragraph --><!-- wp:paragraph {\"align\":\"left\"} --><\/p>\n<p style=\"text-align: center;\">Villa N\u00e4sirinne (Yl\u00f6j\u00e4rvi)<\/p>\n<p style=\"text-align: center;\"><!-- \/wp:paragraph --><!-- wp:paragraph {\"align\":\"left\"} --><\/p>\n<p style=\"text-align: center;\">Villa Sikuri (H\u00e4meenkyr\u00f6)<\/p>\n<p style=\"text-align: center;\"><!-- \/wp:paragraph --><!-- wp:paragraph {\"align\":\"left\"} --><\/p>\n<p style=\"text-align: center;\">Villa Sofia<\/p>","protected":false},"excerpt":{"rendered":"<p>Olen vuosien varrella saanut vihki\u00e4 (ainakin) alla mainituissa juhlatiloissa, ravintoloissa, hotelleissa ja ulkosijainneissa. Listalla on kaikenlaisia paikkoja, pieni\u00e4 ja suuria, perinteisi\u00e4 ja moderneja. Joissakin olen k\u00e4ynyt kerran, joissakin monen monta kertaa. Juhlatilaan tai -taloon saapumiseen ei kuitenkaan koskaan kyll\u00e4sty &#8211; se tuntuu aina yht\u00e4 hienolta! Koti\/kotipihavihkimisi\u00e4 ei t\u00e4ss\u00e4 listassa ole, enk\u00e4 vanno luettelon muutenkaan olevan [&hellip;]<\/p>\n","protected":false},"author":1,"featured_media":0,"parent":0,"menu_order":0,"comment_status":"closed","ping_status":"closed","template":"","meta":{"footnotes":""},"_links":{"self":[{"href":"https:\/\/tahdotko.fi\/index.php?rest_route=\/wp\/v2\/pages\/262"}],"collection":[{"href":"https:\/\/tahdotko.fi\/index.php?rest_route=\/wp\/v2\/pages"}],"about":[{"href":"https:\/\/tahdotko.fi\/index.php?rest_route=\/wp\/v2\/types\/page"}],"author":[{"embeddable":true,"href":"https:\/\/tahdotko.fi\/index.php?rest_route=\/wp\/v2\/users\/1"}],"replies":[{"embeddable":true,"href":"https:\/\/tahdotko.fi\/index.php?rest_route=%2Fwp%2Fv2%2Fcomments&post=262"}],"version-history":[{"count":66,"href":"https:\/\/tahdotko.fi\/index.php?rest_route=\/wp\/v2\/pages\/262\/revisions"}],"predecessor-version":[{"id":482,"href":"https:\/\/tahdotko.fi\/index.php?rest_route=\/wp\/v2\/pages\/262\/revisions\/482"}],"wp:attachment":[{"href":"https:\/\/tahdotko.fi\/index.php?rest_route=%2Fwp%2Fv2%2Fmedia&parent=262"}],"curies":[{"name":"wp","href":"https:\/\/api.w.org\/{rel}","templated":true}]}}