{"id":89,"date":"2020-08-18T22:08:33","date_gmt":"2020-08-18T22:08:33","guid":{"rendered":"http:\/\/www.tahdotko.fi\/?page_id=89"},"modified":"2024-02-24T14:49:23","modified_gmt":"2024-02-24T11:49:23","slug":"vihkiseremonia","status":"publish","type":"page","link":"https:\/\/tahdotko.fi\/?page_id=89","title":{"rendered":"Vihkiseremonia"},"content":{"rendered":"<p style=\"text-align: justify;\">Siviilivihkimisen peruskaava on kirjattu <a href=\"https:\/\/www.finlex.fi\/fi\/laki\/ajantasa\/1987\/19870820\" target=\"_blank\" rel=\"noreferrer noopener\" data-type=\"URL\" data-id=\"https:\/\/www.finlex.fi\/fi\/laki\/ajantasa\/1987\/19870820\">avioliittoasetuksen 9 \u00a7:\u00e4\u00e4n.<\/a> Juridisesti vihkiseremonia ei edellyt\u00e4 sen vuolaampia puheita; naimisiin p\u00e4\u00e4see niin halutessaan todellakin muutamassa minuutissa. Tapaan itse sanoa, ett\u00e4 vihkikaavassa on kaikki tarpeellinen, mutta ei mit\u00e4\u00e4n liikaa.<\/p>\n<!-- \/wp:paragraph --><!-- wp:paragraph -->\n<p style=\"text-align: justify;\">Lyhyt ja kompakti vihkihetki voi olla paikallaan esimerkiksi silloin, jos seremonia j\u00e4nnitt\u00e4\u00e4 kovasti, tai pitemm\u00e4n puhumisen kuuntelu ei muutoin tunnu tilanteessa luontevalta. Mutta mik\u00e4li pari niin toivoo, siviilivihkimiseen voi kaavan ohella sis\u00e4llytt\u00e4\u00e4 paljon muutakin, isoa tai pient\u00e4.<\/p>\n\n<figure><img decoding=\"async\" title=\"sofia\" src=\"https:\/\/tahdotko.fi\/wp-content\/uploads\/elementor\/thumbs\/sofia-scaled-e1635102155728-pf1sw87p0czgafqqek6p4mntebwg7mlvjo6wmniwns.jpg\" alt=\"sofia\" \/><\/figure>\n<figure>(<em>Kuva: Markus Gr\u00f6nfors<\/em>)<\/figure>\n<p style=\"text-align: justify;\">Seuraavat ajatukset koskevat omaa ty\u00f6skentely\u00e4ni ilta- ja viikonloppuvihkij\u00e4n\u00e4. Siviilivihkij\u00f6ill\u00e4 ei sin\u00e4ns\u00e4 ole velvollisuutta puhua tai lukea muuta kuin vihkikaava, ja niinp\u00e4 kukin vihkij\u00e4 p\u00e4\u00e4tt\u00e4\u00e4 itse, mit\u00e4 muuta mahdollisesti sanoo ja mit\u00e4 ei. Lis\u00e4ksi virka-aikana DVV:ssa ja k\u00e4r\u00e4j\u00e4oikeudessa teht\u00e4viss\u00e4 vihkimisiss\u00e4 olosuhteet ovat usein v\u00e4h\u00e4n erilaiset kuin ilta- ja viikonloppuvihkimisiss\u00e4, koska ensin mainitut kuuluvat virkavelvollisuuden piiriin, ja j\u00e4lkimm\u00e4iset perustuvat vihkij\u00e4n vapaaehtoisuuteen.<\/p>\n<!-- \/wp:paragraph --><!-- wp:paragraph -->\n<p style=\"text-align: justify;\">Vihkimiseen saa tuotua tunnelmaa ja henkil\u00f6kohtaisuutta erilaisilla teksteill\u00e4, runoilla, puheilla ja vaikkapa vihkiparin kirjoittamilla valoilla. My\u00f6s puheenvuoro voi kiert\u00e4\u00e4; se voi olla vuorotellen vihkij\u00e4ll\u00e4, jollakin vihkiparin l\u00e4heisell\u00e4 ja parilla itsell\u00e4\u00e4n.<\/p>\n<!-- \/wp:paragraph --><!-- wp:paragraph -->\n<p style=\"text-align: justify;\">Jos vihkitoimituksen toivotaan sis\u00e4lt\u00e4v\u00e4n muutakin kuin alkutervehdyksen ja kaavan, yksi hyv\u00e4ksi havaittu seremonian rakenne on seuraava:<\/p>\n<!-- \/wp:paragraph --><!-- wp:list -->\n<ul>\n \t<li><strong>vihkij\u00e4n alkusanat<\/strong><\/li>\n \t<li><strong>runo\/muu teksti ja\/tai puhe <\/strong>\n<ul>\n \t<li>tekstin lukijana tai puhujana voi olla vihkij\u00e4 ja\/tai joku parin l\u00e4heinen<\/li>\n<\/ul>\n<\/li>\n \t<li><strong>vihkikaava <\/strong>\n<ul>\n \t<li>kaavaan voidaan niin haluttaessa upottaa vihkiparin valat toisilleen<\/li>\n \t<li>kaavaan kuuluu sormuksen\/sormusten anto, jos jompi kumpi tai molemmat saavat sormuksen<\/li>\n \t<li>kaava p\u00e4\u00e4ttyy suudelmaan<\/li>\n<\/ul>\n<\/li>\n \t<li><strong>mahdollinen vihkimiseen liittyv\u00e4 laulu- tai musiikkiesitys<\/strong>\n<ul>\n \t<li>voi olla my\u00f6s seremonian alussa tai keskell\u00e4 (vihkimisen j\u00e4lkeen biisist\u00e4 voi kuitenkin j\u00e4\u00e4d\u00e4 v\u00e4h\u00e4n parempi muistij\u00e4lki, kun ei en\u00e4\u00e4 niin kovasti tarvitse j\u00e4nnitt\u00e4\u00e4)<\/li>\n<\/ul>\n<\/li>\n<\/ul>\n<!-- \/wp:list --><!-- wp:paragraph -->\n<p style=\"text-align: justify;\">Jos juhlat ovat isommat ja vieraitakin enemm\u00e4n kuin muutama, usein halutaan (ja kannattaa) etuk\u00e4teen suunnitella my\u00f6s vihkiparin saapuminen vihkitoimitukseen ja siit\u00e4 poistuminen vihkimisen j\u00e4lkeen. Eri variaatioita on paljon. Pari voi astella paikalle rinta rinnan tai yht\u00e4 aikaa eri suunnista. Toinen tulevista puolisoista voi odottaa vihkij\u00e4n kanssa vieraiden edess\u00e4, ja toinen saapuu paikalle joko yksin tai saattajan kanssa. Saapumiset ja poistumiset voivat tapahtua s\u00e4estyksen kanssa tai ilman musiikkia. Ja ainahan ei ole pakko k\u00e4vell\u00e4; er\u00e4s veden \u00e4\u00e4rell\u00e4 vihitty pari lipui vihkimiseen tyylikk\u00e4\u00e4sti suppilaudoilla.<\/p>\n\n<figure><img decoding=\"async\" title=\"shelby-deeter-XlBjdtRqK8-unsplash\" src=\"https:\/\/tahdotko.fi\/wp-content\/uploads\/elementor\/thumbs\/shelby-deeter-XlBjdtRqK8-unsplash-scaled-ouavq4ap3avoqpwtamnzlh35httrfqu2jaqqt36qcw.jpg\" alt=\"shelby-deeter-XlBjdtRqK8-unsplash\" \/>\n<figcaption><\/figcaption>\n<em>(Kuva: Unsplash)<\/em><\/figure>\n<p style=\"text-align: justify;\">Sormuksen\/sormusten anto seremoniassa ei ole pakollista, vaikka yleist\u00e4 se toki on. Eik\u00e4 ole olemassa pakollista s\u00e4\u00e4nt\u00f6\u00e4 siit\u00e4k\u00e4\u00e4n, kuka seisoo oikealla ja kuka vasemmalla, tai miten p\u00e4in seist\u00e4\u00e4n (tai istutaan) ja mihin suuntaan katsellaan.<\/p>\n<p style=\"text-align: justify;\">P\u00e4\u00e4asia on, ett\u00e4 paikalla ollaan yhteisest\u00e4 tahdosta, ja ett\u00e4 vastaus vihkij\u00e4n kysymykseen on molemmilla sama!<\/p>","protected":false},"excerpt":{"rendered":"<p>Siviilivihkimisen peruskaava on kirjattu avioliittoasetuksen 9 \u00a7:\u00e4\u00e4n. Juridisesti vihkiseremonia ei edellyt\u00e4 sen vuolaampia puheita; naimisiin p\u00e4\u00e4see niin halutessaan todellakin muutamassa minuutissa. Tapaan itse sanoa, ett\u00e4 vihkikaavassa on kaikki tarpeellinen, mutta ei mit\u00e4\u00e4n liikaa. Lyhyt ja kompakti vihkihetki voi olla paikallaan esimerkiksi silloin, jos seremonia j\u00e4nnitt\u00e4\u00e4 kovasti, tai pitemm\u00e4n puhumisen kuuntelu ei muutoin tunnu tilanteessa luontevalta. [&hellip;]<\/p>\n","protected":false},"author":1,"featured_media":0,"parent":0,"menu_order":0,"comment_status":"closed","ping_status":"closed","template":"","meta":{"footnotes":""},"_links":{"self":[{"href":"https:\/\/tahdotko.fi\/index.php?rest_route=\/wp\/v2\/pages\/89"}],"collection":[{"href":"https:\/\/tahdotko.fi\/index.php?rest_route=\/wp\/v2\/pages"}],"about":[{"href":"https:\/\/tahdotko.fi\/index.php?rest_route=\/wp\/v2\/types\/page"}],"author":[{"embeddable":true,"href":"https:\/\/tahdotko.fi\/index.php?rest_route=\/wp\/v2\/users\/1"}],"replies":[{"embeddable":true,"href":"https:\/\/tahdotko.fi\/index.php?rest_route=%2Fwp%2Fv2%2Fcomments&post=89"}],"version-history":[{"count":50,"href":"https:\/\/tahdotko.fi\/index.php?rest_route=\/wp\/v2\/pages\/89\/revisions"}],"predecessor-version":[{"id":472,"href":"https:\/\/tahdotko.fi\/index.php?rest_route=\/wp\/v2\/pages\/89\/revisions\/472"}],"wp:attachment":[{"href":"https:\/\/tahdotko.fi\/index.php?rest_route=%2Fwp%2Fv2%2Fmedia&parent=89"}],"curies":[{"name":"wp","href":"https:\/\/api.w.org\/{rel}","templated":true}]}}